{"id":263,"date":"2022-04-20T18:57:50","date_gmt":"2022-04-20T18:57:50","guid":{"rendered":"https:\/\/guantesur.com\/?post_type=product&#038;p=263"},"modified":"2022-04-20T18:57:50","modified_gmt":"2022-04-20T18:57:50","slug":"gorro-arabe-3","status":"publish","type":"product","link":"https:\/\/guantesur.com\/?product=gorro-arabe-3","title":{"rendered":"Gorro \u00e1rabe"},"content":{"rendered":"<p>Gorro \u00e1rabe para protecci\u00f3n del sol, fabricado en tela de secado r\u00e1pido, fresco y ligero<\/p>\n","protected":false},"excerpt":{"rendered":"<p>Gorro \u00e1rabe para protecci\u00f3n del sol, fabricado en tela de secado r\u00e1pido, fresco y ligero<\/p>\n","protected":false},"featured_media":265,"comment_status":"open","ping_status":"closed","template":"","meta":{"site-sidebar-layout":"no-sidebar","site-content-layout":"boxed-container","ast-main-header-display":"","ast-hfb-above-header-display":"","ast-hfb-below-header-display":"","ast-hfb-mobile-header-display":"","site-post-title":"","ast-breadcrumbs-content":"","ast-featured-img":"","footer-sml-layout":"","theme-transparent-header-meta":"default","adv-header-id-meta":"","stick-header-meta":"","header-above-stick-meta":"","header-main-stick-meta":"","header-below-stick-meta":""},"product_cat":[38],"product_tag":[39,29],"class_list":{"0":"post-263","1":"product","2":"type-product","3":"status-publish","4":"has-post-thumbnail","6":"product_cat-gorros","7":"product_tag-gorros","8":"product_tag-proteccion","10":"first","11":"instock","12":"shipping-taxable","13":"purchasable","14":"product-type-simple"},"_links":{"self":[{"href":"https:\/\/guantesur.com\/index.php?rest_route=\/wp\/v2\/product\/263","targetHints":{"allow":["GET"]}}],"collection":[{"href":"https:\/\/guantesur.com\/index.php?rest_route=\/wp\/v2\/product"}],"about":[{"href":"https:\/\/guantesur.com\/index.php?rest_route=\/wp\/v2\/types\/product"}],"replies":[{"embeddable":true,"href":"https:\/\/guantesur.com\/index.php?rest_route=%2Fwp%2Fv2%2Fcomments&post=263"}],"wp:featuredmedia":[{"embeddable":true,"href":"https:\/\/guantesur.com\/index.php?rest_route=\/wp\/v2\/media\/265"}],"wp:attachment":[{"href":"https:\/\/guantesur.com\/index.php?rest_route=%2Fwp%2Fv2%2Fmedia&parent=263"}],"wp:term":[{"taxonomy":"product_cat","embeddable":true,"href":"https:\/\/guantesur.com\/index.php?rest_route=%2Fwp%2Fv2%2Fproduct_cat&post=263"},{"taxonomy":"product_tag","embeddable":true,"href":"https:\/\/guantesur.com\/index.php?rest_route=%2Fwp%2Fv2%2Fproduct_tag&post=263"}],"curies":[{"name":"wp","href":"https:\/\/api.w.org\/{rel}","templated":true}]}}