{"id":202,"date":"2022-03-26T17:11:10","date_gmt":"2022-03-26T17:11:10","guid":{"rendered":"https:\/\/guantesur.com\/?post_type=product&#038;p=202"},"modified":"2022-03-26T17:24:19","modified_gmt":"2022-03-26T17:24:19","slug":"gafas-deportivas-de-seguridad-truper-4","status":"publish","type":"product","link":"https:\/\/guantesur.com\/?product=gafas-deportivas-de-seguridad-truper-4","title":{"rendered":"Gafas Deportivas de Seguridad Truper"},"content":{"rendered":"<p>Las\u00a0<strong>gafas de protecci\u00f3n<\/strong>, tambi\u00e9n conocidas como\u00a0<em>goggles<\/em>\u00a0o lentes de seguridad, son un tipo especial de anteojos que se utilizan para proteger p\u00e1rpados y ojos de la acci\u00f3n corrosiva de algunas sustancias o de la entrada en estos de alguna viruta procedente de alg\u00fan trabajo de maquinado o similar.<\/p>\n","protected":false},"excerpt":{"rendered":"<p>Las\u00a0<strong>gafas de protecci\u00f3n<\/strong>, tambi\u00e9n conocidas como\u00a0<em>goggles<\/em>\u00a0o lentes de seguridad, son un tipo especial de anteojos que se utilizan para proteger p\u00e1rpados y ojos de la acci\u00f3n corrosiva de algunas sustancias o de la entrada en estos de alguna viruta procedente de alg\u00fan trabajo de maquinado o similar.<\/p>\n","protected":false},"featured_media":203,"comment_status":"open","ping_status":"closed","template":"","meta":{"site-sidebar-layout":"no-sidebar","site-content-layout":"boxed-container","ast-main-header-display":"","ast-hfb-above-header-display":"","ast-hfb-below-header-display":"","ast-hfb-mobile-header-display":"","site-post-title":"","ast-breadcrumbs-content":"","ast-featured-img":"","footer-sml-layout":"","theme-transparent-header-meta":"default","adv-header-id-meta":"","stick-header-meta":"","header-above-stick-meta":"","header-main-stick-meta":"","header-below-stick-meta":""},"product_cat":[32],"product_tag":[],"class_list":{"0":"post-202","1":"product","2":"type-product","3":"status-publish","4":"has-post-thumbnail","6":"product_cat-gafas","8":"first","9":"instock","10":"shipping-taxable","11":"purchasable","12":"product-type-simple"},"_links":{"self":[{"href":"https:\/\/guantesur.com\/index.php?rest_route=\/wp\/v2\/product\/202","targetHints":{"allow":["GET"]}}],"collection":[{"href":"https:\/\/guantesur.com\/index.php?rest_route=\/wp\/v2\/product"}],"about":[{"href":"https:\/\/guantesur.com\/index.php?rest_route=\/wp\/v2\/types\/product"}],"replies":[{"embeddable":true,"href":"https:\/\/guantesur.com\/index.php?rest_route=%2Fwp%2Fv2%2Fcomments&post=202"}],"wp:featuredmedia":[{"embeddable":true,"href":"https:\/\/guantesur.com\/index.php?rest_route=\/wp\/v2\/media\/203"}],"wp:attachment":[{"href":"https:\/\/guantesur.com\/index.php?rest_route=%2Fwp%2Fv2%2Fmedia&parent=202"}],"wp:term":[{"taxonomy":"product_cat","embeddable":true,"href":"https:\/\/guantesur.com\/index.php?rest_route=%2Fwp%2Fv2%2Fproduct_cat&post=202"},{"taxonomy":"product_tag","embeddable":true,"href":"https:\/\/guantesur.com\/index.php?rest_route=%2Fwp%2Fv2%2Fproduct_tag&post=202"}],"curies":[{"name":"wp","href":"https:\/\/api.w.org\/{rel}","templated":true}]}}