{"id":192,"date":"2022-03-24T01:14:39","date_gmt":"2022-03-24T01:14:39","guid":{"rendered":"https:\/\/guantesur.com\/?post_type=product&#038;p=192"},"modified":"2025-04-11T21:31:51","modified_gmt":"2025-04-11T21:31:51","slug":"casco-amarillo-trupper","status":"publish","type":"product","link":"https:\/\/guantesur.com\/?product=casco-amarillo-trupper","title":{"rendered":"Casco amarillo Trupper"},"content":{"rendered":"<p>Cascos de seguridad de polietileno de alta densidad, lavable, las correas y bandas no se encogen ni se estiran, almohadilla porosa para la frente que facilita la ventilaci\u00f3n para brindar comodidad, tama\u00f1o est\u00e1ndar que se adapta a los tama\u00f1os de cabeza 6 a 8.<\/p>\n","protected":false},"excerpt":{"rendered":"<p>Cascos de seguridad de polietileno de alta densidad, lavable, las correas y bandas no se encogen ni se estiran, almohadilla porosa para la frente que facilita la ventilaci\u00f3n para brindar comodidad, tama\u00f1o est\u00e1ndar que se adapta a los tama\u00f1os de cabeza 6 a 8.<\/p>\n","protected":false},"featured_media":193,"comment_status":"open","ping_status":"closed","template":"","meta":{"site-sidebar-layout":"no-sidebar","site-content-layout":"boxed-container","ast-main-header-display":"","ast-hfb-above-header-display":"","ast-hfb-below-header-display":"","ast-hfb-mobile-header-display":"","site-post-title":"","ast-breadcrumbs-content":"","ast-featured-img":"","footer-sml-layout":"","theme-transparent-header-meta":"default","adv-header-id-meta":"","stick-header-meta":"","header-above-stick-meta":"","header-main-stick-meta":"","header-below-stick-meta":""},"product_cat":[31],"product_tag":[28,29],"class_list":{"0":"post-192","1":"product","2":"type-product","3":"status-publish","4":"has-post-thumbnail","6":"product_cat-cascos","7":"product_tag-cascos","8":"product_tag-proteccion","10":"first","11":"instock","12":"shipping-taxable","13":"purchasable","14":"product-type-simple"},"_links":{"self":[{"href":"https:\/\/guantesur.com\/index.php?rest_route=\/wp\/v2\/product\/192","targetHints":{"allow":["GET"]}}],"collection":[{"href":"https:\/\/guantesur.com\/index.php?rest_route=\/wp\/v2\/product"}],"about":[{"href":"https:\/\/guantesur.com\/index.php?rest_route=\/wp\/v2\/types\/product"}],"replies":[{"embeddable":true,"href":"https:\/\/guantesur.com\/index.php?rest_route=%2Fwp%2Fv2%2Fcomments&post=192"}],"wp:featuredmedia":[{"embeddable":true,"href":"https:\/\/guantesur.com\/index.php?rest_route=\/wp\/v2\/media\/193"}],"wp:attachment":[{"href":"https:\/\/guantesur.com\/index.php?rest_route=%2Fwp%2Fv2%2Fmedia&parent=192"}],"wp:term":[{"taxonomy":"product_cat","embeddable":true,"href":"https:\/\/guantesur.com\/index.php?rest_route=%2Fwp%2Fv2%2Fproduct_cat&post=192"},{"taxonomy":"product_tag","embeddable":true,"href":"https:\/\/guantesur.com\/index.php?rest_route=%2Fwp%2Fv2%2Fproduct_tag&post=192"}],"curies":[{"name":"wp","href":"https:\/\/api.w.org\/{rel}","templated":true}]}}