{"id":187,"date":"2022-03-24T01:11:19","date_gmt":"2022-03-24T01:11:19","guid":{"rendered":"https:\/\/guantesur.com\/?post_type=product&#038;p=187"},"modified":"2022-04-01T02:17:59","modified_gmt":"2022-04-01T02:17:59","slug":"casco-azul","status":"publish","type":"product","link":"https:\/\/guantesur.com\/?product=casco-azul","title":{"rendered":"Casco azul"},"content":{"rendered":"<p>Cascos de seguridad de polietileno de alta densidad, lavable, las correas y bandas no se encogen ni se estiran, almohadilla porosa para la frente que facilita la ventilaci\u00f3n para brindar comodidad, tama\u00f1o est\u00e1ndar que se adapta a los tama\u00f1os de cabeza 6 a 8.<\/p>\n","protected":false},"excerpt":{"rendered":"<p>Cascos de seguridad de polietileno de alta densidad, lavable, las correas y bandas no se encogen ni se estiran, almohadilla porosa para la frente que facilita la ventilaci\u00f3n para brindar comodidad, tama\u00f1o est\u00e1ndar que se adapta a los tama\u00f1os de cabeza 6 a 8.<\/p>\n","protected":false},"featured_media":188,"comment_status":"open","ping_status":"closed","template":"","meta":{"site-sidebar-layout":"no-sidebar","site-content-layout":"boxed-container","ast-main-header-display":"","ast-hfb-above-header-display":"","ast-hfb-below-header-display":"","ast-hfb-mobile-header-display":"","site-post-title":"","ast-breadcrumbs-content":"","ast-featured-img":"","footer-sml-layout":"","theme-transparent-header-meta":"default","adv-header-id-meta":"","stick-header-meta":"","header-above-stick-meta":"","header-main-stick-meta":"","header-below-stick-meta":""},"product_cat":[31],"product_tag":[28,29,30],"class_list":{"0":"post-187","1":"product","2":"type-product","3":"status-publish","4":"has-post-thumbnail","6":"product_cat-cascos","7":"product_tag-cascos","8":"product_tag-proteccion","9":"product_tag-seguridad","11":"first","12":"instock","13":"shipping-taxable","14":"purchasable","15":"product-type-simple"},"_links":{"self":[{"href":"https:\/\/guantesur.com\/index.php?rest_route=\/wp\/v2\/product\/187","targetHints":{"allow":["GET"]}}],"collection":[{"href":"https:\/\/guantesur.com\/index.php?rest_route=\/wp\/v2\/product"}],"about":[{"href":"https:\/\/guantesur.com\/index.php?rest_route=\/wp\/v2\/types\/product"}],"replies":[{"embeddable":true,"href":"https:\/\/guantesur.com\/index.php?rest_route=%2Fwp%2Fv2%2Fcomments&post=187"}],"wp:featuredmedia":[{"embeddable":true,"href":"https:\/\/guantesur.com\/index.php?rest_route=\/wp\/v2\/media\/188"}],"wp:attachment":[{"href":"https:\/\/guantesur.com\/index.php?rest_route=%2Fwp%2Fv2%2Fmedia&parent=187"}],"wp:term":[{"taxonomy":"product_cat","embeddable":true,"href":"https:\/\/guantesur.com\/index.php?rest_route=%2Fwp%2Fv2%2Fproduct_cat&post=187"},{"taxonomy":"product_tag","embeddable":true,"href":"https:\/\/guantesur.com\/index.php?rest_route=%2Fwp%2Fv2%2Fproduct_tag&post=187"}],"curies":[{"name":"wp","href":"https:\/\/api.w.org\/{rel}","templated":true}]}}